{"id":3,"date":"2026-03-28T09:36:42","date_gmt":"2026-03-28T09:36:42","guid":{"rendered":"http:\/\/ulimazury.pl\/?page_id=3"},"modified":"2026-03-29T18:01:10","modified_gmt":"2026-03-29T18:01:10","slug":"privacy-policy","status":"publish","type":"page","link":"https:\/\/ulimazury.pl\/index.php\/privacy-policy\/","title":{"rendered":"Polityka prywatno\u015bci"},"content":{"rendered":"\n<pre class=\"wp-block-preformatted\">**Polityka prywatno\u015bci**<br><br>Strona ULi \u2013 Droga do formy szanuje prywatno\u015b\u0107 u\u017cytkownik\u00f3w i dok\u0142ada stara\u0144, aby chroni\u0107 ich dane osobowe.<br><br>**1. Administrator danych**<br>Administratorem strony jest w\u0142a\u015bciciel serwisu ULi Mazury.<br>W sprawach zwi\u0105zanych z prywatno\u015bci\u0105 mo\u017cna skontaktowa\u0107 si\u0119 pod adresem e-mail: [ulimazury@gmail.com](mailto:ulimazury@gmail.com)<br><br>**2. Pliki cookies**<br>Strona wykorzystuje pliki cookies w celu prawid\u0142owego dzia\u0142ania oraz analizy ruchu.<br>Pliki cookies mog\u0105 by\u0107 r\u00f3wnie\u017c wykorzystywane przez narz\u0119dzia zewn\u0119trzne.<br>U\u017cytkownik ma mo\u017cliwo\u015b\u0107 zarz\u0105dzania zgod\u0105 na cookies za pomoc\u0105 wy\u015bwietlanego banera.<br><br>**3. Dane osobowe**<br>Strona nie zbiera ani nie przetwarza danych osobowych u\u017cytkownik\u00f3w, poza danymi przekazanymi dobrowolnie (np. poprzez kontakt mailowy).<br><br>**4. Narz\u0119dzia zewn\u0119trzne**<br>Strona mo\u017ce korzysta\u0107 z us\u0142ug zewn\u0119trznych, takich jak Strava, Instagram czy YouTube, kt\u00f3re mog\u0105 zapisywa\u0107 w\u0142asne pliki cookies i przetwarza\u0107 dane zgodnie ze swoimi politykami prywatno\u015bci.<br><br>**5. Prawa u\u017cytkownika**<br>U\u017cytkownik ma prawo do:<br><br>* dost\u0119pu do swoich danych<br>* ich poprawiania<br>* usuni\u0119cia<br>* ograniczenia przetwarzania<br><br>**6. Zmiany w polityce prywatno\u015bci**<br>Polityka prywatno\u015bci mo\u017ce by\u0107 aktualizowana w celu dostosowania do zmian w przepisach lub funkcjonowaniu strony.<br><br>Data aktualizacji: 2026<br><\/pre>\n\n\n\n<p><\/p>\n","protected":false},"excerpt":{"rendered":"<p>**Polityka prywatno\u015bci**Strona ULi \u2013 Droga do formy szanuje prywatno\u015b\u0107 u\u017cytkownik\u00f3w i dok\u0142ada stara\u0144, aby chroni\u0107 ich dane osobowe.**1. Administrator danych**Administratorem strony jest w\u0142a\u015bciciel serwisu ULi Mazury.W sprawach zwi\u0105zanych z prywatno\u015bci\u0105 mo\u017cna skontaktowa\u0107 si\u0119 pod adresem e-mail: [ulimazury@gmail.com](mailto:ulimazury@gmail.com)**2. Pliki cookies**Strona wykorzystuje pliki cookies w celu prawid\u0142owego dzia\u0142ania oraz analizy ruchu.Pliki cookies mog\u0105 by\u0107 r\u00f3wnie\u017c wykorzystywane przez [&hellip;]<\/p>\n","protected":false},"author":1,"featured_media":0,"parent":0,"menu_order":0,"comment_status":"closed","ping_status":"open","template":"","meta":{"footnotes":""},"class_list":["post-3","page","type-page","status-publish","hentry"],"blocksy_meta":[],"_links":{"self":[{"href":"https:\/\/ulimazury.pl\/index.php\/wp-json\/wp\/v2\/pages\/3","targetHints":{"allow":["GET"]}}],"collection":[{"href":"https:\/\/ulimazury.pl\/index.php\/wp-json\/wp\/v2\/pages"}],"about":[{"href":"https:\/\/ulimazury.pl\/index.php\/wp-json\/wp\/v2\/types\/page"}],"author":[{"embeddable":true,"href":"https:\/\/ulimazury.pl\/index.php\/wp-json\/wp\/v2\/users\/1"}],"replies":[{"embeddable":true,"href":"https:\/\/ulimazury.pl\/index.php\/wp-json\/wp\/v2\/comments?post=3"}],"version-history":[{"count":2,"href":"https:\/\/ulimazury.pl\/index.php\/wp-json\/wp\/v2\/pages\/3\/revisions"}],"predecessor-version":[{"id":417,"href":"https:\/\/ulimazury.pl\/index.php\/wp-json\/wp\/v2\/pages\/3\/revisions\/417"}],"wp:attachment":[{"href":"https:\/\/ulimazury.pl\/index.php\/wp-json\/wp\/v2\/media?parent=3"}],"curies":[{"name":"wp","href":"https:\/\/api.w.org\/{rel}","templated":true}]}}